{"id":1190,"date":"2022-11-23T14:16:33","date_gmt":"2022-11-23T13:16:33","guid":{"rendered":"https:\/\/www.rss-hennef.de\/?page_id=1190"},"modified":"2022-11-23T14:41:20","modified_gmt":"2022-11-23T13:41:20","slug":"broel","status":"publish","type":"page","link":"https:\/\/www.rss-hennef.de\/?page_id=1190","title":{"rendered":"Standort Br\u00f6l"},"content":{"rendered":"\n<h4 class=\"wp-block-heading\">Sch\u00fclerinnen und Sch\u00fcler<\/h4>\n\n\n\n<p>Der Standort Br\u00f6l bildet die Hauptstelle der Richard-Schirrmann-Schule. Hier lernen circa 80 Sch\u00fcler*innen in bis zu neun verschiedenen Lerngruppen der Klassenstufen 1 bis 4. Zum Schuljahresbeginn werden meist ein bis zwei Eingangsklassen gebildet, die wie die anderen Lerngruppen jahrgangs\u00fcbergreifend organisiert sind. Jede Klasse besteht aus ca. 10 Sch\u00fcler*innen und wird von einem Klassenlehrerteam aus zwei Sonderp\u00e4dagog*innen, teilweise in Doppelbesetzung unterrichtet. Dar\u00fcber hinaus gibt es eine Intensivklasse, die eine permanente Doppelbesetzung durch zwei Sonderp\u00e4dagog*innen vorsieht und bei der die Gruppenst\u00e4rke acht Kinder betr\u00e4gt. Hier werden die Sch\u00fcler*innen beschult, die mit den Rahmenbedingungen der anderen Klassen aktuell &#8211; aus den verschiedensten Gr\u00fcnden &#8211; \u00fcberfordert sind. Bei der Intensivklasse handelt es sich um eine jahrgangs\u00fcbergreifende Ma\u00dfnahme mit dem Ziel, die betroffenen Kinder zu stabilisieren und in die bestehenden Lerngruppen zur\u00fcckzuf\u00fchren.<\/p>\n\n\n\n<p>Die Sch\u00fcler*innen werden mit dem Sch\u00fclerspezialverkehr zur Schule gebracht und wieder abgeholt.<\/p>\n\n\n\n<p><\/p>\n\n\n\n<p><\/p>\n\n\n\n<h4 class=\"wp-block-heading\">Unterrichtsinhalte \/ Lehrwerke<\/h4>\n\n\n\n<p>Die Unterrichtsinhalte sowie eingesetzten Materialien und Lehrwerke orientieren sich an denen der Grundschulen im Rhein-Sieg-Kreis. Somit soll ein Wechsel in das Gemeinsame Lernen und sp\u00e4ter der \u00dcbergang an die weiterf\u00fchrenden Schulen bestm\u00f6glich vorbereitet und angeleitet werden.<\/p>\n\n\n\n<p>Die Lehrwerke der Richard-Schirrmann-Schule sind in jeder Jahrgangsstufe festgelegt, sodass an allen drei Standorten einheitliche Lehrwerke verwendet werden.<\/p>\n\n\n\n<p><\/p>\n\n\n\n<p><\/p>\n\n\n\n<h4 class=\"wp-block-heading\">R\u00e4umlichkeiten<\/h4>\n\n\n\n<p>Jeder Klassenraum verf\u00fcgt, bis auf zwei besonders gro\u00dfe R\u00e4ume, zus\u00e4tzlich \u00fcber einen Nebenraum, der zur Differenzierung und zum Spielen genutzt wird. Au\u00dferdem gibt es mehrere Fachr\u00e4ume:<\/p>\n\n\n\n<ul class=\"wp-block-list\"><li>Werk- und Kunstraum mit Brennofen<\/li><li>vielseitig ausgestatteter Musikraum<\/li><li>Computerraum<\/li><li>Leseclub, der in Kooperation mit der Stiftung Lesen gef\u00fchrt wird<\/li><li>Lehrk\u00fcche mit 2 Kochzeilen und gro\u00dfem Tisch f\u00fcr gemeinsame Mahlzeiten<\/li><li>gro\u00dfe Turnhalle mit Kletterwand<\/li><li>einen Schulhof mit Kletterger\u00fcst, Schaukeln, Sandkasten und einem Soccer-Court<\/li><\/ul>\n\n\n\n<p><\/p>\n\n\n\n<p><\/p>\n\n\n\n<h4 class=\"wp-block-heading\">Offener Beginn \/ Pausenzeiten<\/h4>\n\n\n\n<p>Vor Beginn des Unterrichts (07:45 Uhr) werden die Sch\u00fcler*innen von der Taxiaufsicht auf dem Schulhof begr\u00fc\u00dft und gehen dann selbstst\u00e4ndig in ihre Klassen. W\u00e4hrend der Pausenzeiten (Fr\u00fchaufsicht und Hofpausen) befinden sich mehrere Lehrkr\u00e4fte in verschiedenen Bereichen des Schulhofs und \u00fcbernehmen die Aufsicht. Auch eine Drinnenpause wird angeboten. Am Ende der Pause stellen sich die Kinder am Klassenaufstellplatz auf dem Schulhof auf und werden von ihren Lehrer*innen zum Klassenraum begleitet. Zu den jeweiligen Schulschlusszeiten gibt eine separate Busaufsicht, die die Kinder zum Taxi begleitet.<\/p>\n\n\n\n<p><\/p>\n\n\n\n<p><\/p>\n\n\n\n<h4 class=\"wp-block-heading\">F-OGS und \u00dcMI<\/h4>\n\n\n\n<p>Ein Teil der Sch\u00fcler*innen besucht nach dem Unterricht eine der drei F-OGS-Gruppen (F\u00f6rdernder Offener Ganztag) oder die \u00dcMI (\u00dcbermittagsbetreuung). Pro F-OGS-Gruppe werden 10 Sch\u00fcler*innen betreut. Die Betreuung umfasst ein gemeinsames Mittagessen, Unterst\u00fctzung bei den Hausaufgaben, Freizeit- und Sportangebote sowie Exkursionen und Ausfl\u00fcge. Die \u00dcMI besteht aus einer Gruppe mit 12 Kindern.<\/p>\n","protected":false},"excerpt":{"rendered":"<p>Sch\u00fclerinnen und Sch\u00fcler Der Standort Br\u00f6l bildet die Hauptstelle der Richard-Schirrmann-Schule. Hier lernen circa 80 Sch\u00fcler*innen in bis zu neun &hellip; <\/p>\n","protected":false},"author":6,"featured_media":0,"parent":0,"menu_order":0,"comment_status":"closed","ping_status":"closed","template":"","meta":{"footnotes":""},"class_list":["post-1190","page","type-page","status-publish","hentry","latest_post"],"_links":{"self":[{"href":"https:\/\/www.rss-hennef.de\/index.php?rest_route=\/wp\/v2\/pages\/1190","targetHints":{"allow":["GET"]}}],"collection":[{"href":"https:\/\/www.rss-hennef.de\/index.php?rest_route=\/wp\/v2\/pages"}],"about":[{"href":"https:\/\/www.rss-hennef.de\/index.php?rest_route=\/wp\/v2\/types\/page"}],"author":[{"embeddable":true,"href":"https:\/\/www.rss-hennef.de\/index.php?rest_route=\/wp\/v2\/users\/6"}],"replies":[{"embeddable":true,"href":"https:\/\/www.rss-hennef.de\/index.php?rest_route=%2Fwp%2Fv2%2Fcomments&post=1190"}],"version-history":[{"count":3,"href":"https:\/\/www.rss-hennef.de\/index.php?rest_route=\/wp\/v2\/pages\/1190\/revisions"}],"predecessor-version":[{"id":1203,"href":"https:\/\/www.rss-hennef.de\/index.php?rest_route=\/wp\/v2\/pages\/1190\/revisions\/1203"}],"wp:attachment":[{"href":"https:\/\/www.rss-hennef.de\/index.php?rest_route=%2Fwp%2Fv2%2Fmedia&parent=1190"}],"curies":[{"name":"wp","href":"https:\/\/api.w.org\/{rel}","templated":true}]}}