{"id":1192,"date":"2022-11-23T14:16:33","date_gmt":"2022-11-23T13:16:33","guid":{"rendered":"https:\/\/www.rss-hennef.de\/?page_id=1192"},"modified":"2022-11-23T14:57:45","modified_gmt":"2022-11-23T13:57:45","slug":"herchen","status":"publish","type":"page","link":"https:\/\/www.rss-hennef.de\/?page_id=1192","title":{"rendered":"Standort Herchen"},"content":{"rendered":"\n<h4 class=\"wp-block-heading\">Sch\u00fclerinnen und Sch\u00fcler<\/h4>\n\n\n\n<p>Seit Herbst 2021 werden in den ehemaligen Internatsgeb\u00e4uden des Bodelschwingh-Gymnasiums aktuell drei Klassen mit insgesamt ca. 30 Sch\u00fcler*innen unterrichtet. Schrittweise soll der Standort auf 4 Klassen ausgebaut werden. Die Sch\u00fcler*innen, die den Standort Herchen besuchen, sind Sch\u00fcler*innen aus dem Windecker L\u00e4ndchen und Eitorf. Am Standort Herchen bzw. in den dortigen R\u00e4umlichkeiten sind au\u00dferdem die Rudolf-Dreikurs-Schule sowie die F\u00f6rderschule Rossell untergebracht.<\/p>\n\n\n\n<h4 class=\"wp-block-heading\">Unterrichtsinhalte \/ Lehrwerke<\/h4>\n\n\n\n<p>Die Unterrichtsinhalte sowie eingesetzten Materialien und Lehrwerke orientieren sich an denen der Grundschulen im Rhein-Sieg-Kreis. Somit soll ein Wechsel in das Gemeinsame Lernen und sp\u00e4ter der \u00dcbergang an die weiterf\u00fchrenden Schulen bestm\u00f6glich vorbereitet und angeleitet werden.<\/p>\n\n\n\n<h4 class=\"wp-block-heading\">R\u00e4umlichkeiten<\/h4>\n\n\n\n<p>In Herchen stehen der Richard-Schirrmann-Schule f\u00fcr alle Klassen jeweils ein Klassenraum und ein kleinerer Raum zur Differenzierung zur Verf\u00fcgung. Die Sport- und Schwimmhallen werden von der Richard-Schirrmann-Schule ebenso wie der Sportplatz in Absprache mit den anderen Schulen genutzt.<\/p>\n\n\n\n<h4 class=\"wp-block-heading\">Offener Beginn \/ Pausenzeiten<\/h4>\n\n\n\n<p>Die Sch\u00fcler*innen der Rudolf-Dreikurs-Schule und die Sch\u00fcler*innen der Richard-Schirrmann-Schule verbringen die Pausen gemeinsam.\u00a0\u00a0<\/p>\n\n\n\n<h4 class=\"wp-block-heading\">F-OGS<\/h4>\n\n\n\n<p>Seit dem Umzug besteht am neuen Standort auch ein F-OGS-Angebot. Dieses umfasst 3 F-OGS-Gruppen, die gemeinsam von den Sch\u00fcler*innen der Rudolf-Dreikurs-Schule und der Richard-Schirrmann-Schule besucht werden<\/p>\n\n\n\n<h4 class=\"wp-block-heading\">Weitere Besonderheiten<\/h4>\n\n\n\n<p>Die Sch\u00fcler*innen der Rudolf-Dreikurs-Schule und die Sch\u00fcler*innen der Richard-Schirrmann-Schule feiern verschiedene Feste wie Erntedankfest, Nikolaus, Karneval etc. gemeinsam. Wenn sich Gelegenheiten ergeben, kann es zu weiteren gemeinsamen Aktivit\u00e4ten kommen (Trommeln, Bilderbuchkino am Vorlesetag). Auch das Feiern von Festen und andere Veranstaltungen der RSS sind Bestandteil des Alltags.&nbsp;&nbsp;<\/p>\n\n\n\n<p>Die l\u00e4ndliche Lage und die N\u00e4he der Sieg erm\u00f6glichen Waldspazierg\u00e4nge und Exkursionen.<\/p>\n\n\n\n<p><\/p>\n","protected":false},"excerpt":{"rendered":"<p>Sch\u00fclerinnen und Sch\u00fcler Seit Herbst 2021 werden in den ehemaligen Internatsgeb\u00e4uden des Bodelschwingh-Gymnasiums aktuell drei Klassen mit insgesamt ca. 30 &hellip; <\/p>\n","protected":false},"author":6,"featured_media":1208,"parent":0,"menu_order":0,"comment_status":"closed","ping_status":"closed","template":"","meta":{"footnotes":""},"class_list":["post-1192","page","type-page","status-publish","has-post-thumbnail","hentry","latest_post"],"_links":{"self":[{"href":"https:\/\/www.rss-hennef.de\/index.php?rest_route=\/wp\/v2\/pages\/1192","targetHints":{"allow":["GET"]}}],"collection":[{"href":"https:\/\/www.rss-hennef.de\/index.php?rest_route=\/wp\/v2\/pages"}],"about":[{"href":"https:\/\/www.rss-hennef.de\/index.php?rest_route=\/wp\/v2\/types\/page"}],"author":[{"embeddable":true,"href":"https:\/\/www.rss-hennef.de\/index.php?rest_route=\/wp\/v2\/users\/6"}],"replies":[{"embeddable":true,"href":"https:\/\/www.rss-hennef.de\/index.php?rest_route=%2Fwp%2Fv2%2Fcomments&post=1192"}],"version-history":[{"count":2,"href":"https:\/\/www.rss-hennef.de\/index.php?rest_route=\/wp\/v2\/pages\/1192\/revisions"}],"predecessor-version":[{"id":1207,"href":"https:\/\/www.rss-hennef.de\/index.php?rest_route=\/wp\/v2\/pages\/1192\/revisions\/1207"}],"wp:featuredmedia":[{"embeddable":true,"href":"https:\/\/www.rss-hennef.de\/index.php?rest_route=\/wp\/v2\/media\/1208"}],"wp:attachment":[{"href":"https:\/\/www.rss-hennef.de\/index.php?rest_route=%2Fwp%2Fv2%2Fmedia&parent=1192"}],"curies":[{"name":"wp","href":"https:\/\/api.w.org\/{rel}","templated":true}]}}