{"id":20,"date":"2020-04-29T08:00:19","date_gmt":"2020-04-29T06:00:19","guid":{"rendered":"http:\/\/wp.rss-hennef.de\/?page_id=20"},"modified":"2026-02-06T10:42:15","modified_gmt":"2026-02-06T09:42:15","slug":"wie-alles-anfing","status":"publish","type":"page","link":"https:\/\/www.rss-hennef.de\/?page_id=20","title":{"rendered":"\u00dcber unsere Schule"},"content":{"rendered":"\n<h2 class=\"wp-block-heading\">Wie alles anfing<\/h2>\n\n\n\n<p>Gr\u00fcnder der Jugendherbergsbewegung war der deutsche Lehrer Richard Schirrmann. Als Anh\u00e4nger des Anschauungsunterrichts nahm er seine Schulklassen h\u00e4ufig mit auf Ausfl\u00fcge und Wanderungen, die manchmal mehrere Tage dauerten. Schirrmann und seine Sch\u00fcler fanden dann meist Unterkunft auf Bauernh\u00f6fen.<\/p>\n\n\n\n<p>Bei einem dieser Ausfl\u00fcge, am 26. August 1909, gerieten sie in ein schweres Gewitter und fanden Zuflucht in einem Schulgeb\u00e4ude im Br\u00f6ltal, der heutigen nach ihm benannten Richard-Schirrmann-Schule.<\/p>\n\n\n\n<p>Die Ehefrau des damaligen Schulleiters lie\u00df sie in einem Klassenzimmer \u00fcbernachten und ein Bauer gab ihnen Stroh f\u00fcr ihre Lagerst\u00e4tten und etwas Milch f\u00fcrs Abendessen. Der Sturm w\u00fctete die ganze Nacht. W\u00e4hrend die Jungen schliefen, lag Schirrmann wach und ihm kam folgende Idee:<br>Deutsche Schulen w\u00fcrden sich sehr gut als Unterk\u00fcnfte w\u00e4hrend der Ferien eignen. In den D\u00f6rfern k\u00f6nnte es gastfreundliche Jugendherbergen geben, einen Tagesmarsch voneinander entfernt, wo junge Wanderer aufgenommen w\u00fcrden.<\/p>\n\n\n\n<blockquote class=\"wp-block-quote is-layout-flow wp-block-quote-is-layout-flow\">\n<p>In jener st\u00fcrmischen Nacht war also die Geburtsstunde der weltweiten Jugendherbergsbewegung. 1910 schrieb Schirrmann in einem Aufsatz, in dem er seine Ideen zu \u201eVolkssch\u00fclerherbergen\u201c darlegte:<br>\u201eZwei Klassenzimmer gen\u00fcgen, eins f\u00fcr Buben, eins f\u00fcr M\u00e4del. Die B\u00e4nke werden teilweise \u00fcbereinander gesetzt. Das gibt freien Raum zur Aufstellung von 15 Betten. [\u2026] Jede Lagerstatt besteht aus einem straff mit Stroh gestopften Sack und Kopfpolster, 2 Bettt\u00fcchern und einer Wolldecke [&#8230;] Jedes Kind wird angehalten, seine Lagerstatt wieder fein s\u00e4uberlich in Ordnung zu bringen.\u201c<\/p>\n<cite><em>Quelle: Geschichte der Jugendherbergen; Gesellschaft der Schweizer Jugendherbergen, 2012<\/em><\/cite><\/blockquote>\n\n\n\n<h2 class=\"wp-block-heading\">Gr\u00fcndung unserer Schule<\/h2>\n\n\n\n<p>Im August 1978 startet der Schulbetrieb als \u201eSchule f\u00fcr Erziehungshilfe\u201c in der ehemaligen Br\u00f6ler Volksschule mit 7 Kindern; sechs Jungen und einem M\u00e4dchen. Die Schule ist auch heute noch f\u00fcr die Primarstufe konzipiert und um die Erprobungsstufe der Sekundarstufe I f\u00fcr die Klassen 5 und 6 erweitert. Aufgrund des Raummangels f\u00fcr die auf 35 Jungen und M\u00e4dchen angewachsene Sch\u00fclergruppe wird die Schule zu Schuljahresbeginn 1982 in die ehemalige Schule f\u00fcr Geistigbehinderte in Hennef-Dahlhausen verlegt. 1985 erfolgt der Einzug&nbsp; in das eigene umgebaute Schulgeb\u00e4ude mit Erweiterungsbau in Hennef-Br\u00f6l mit 56 Sch\u00fclern, die in sieben Klassen unterrichtet werden. In diesem Jahr erh\u00e4lt die Schule ihren neuen Namen: <strong>Richard-Schirrmann-Schule<\/strong>.<\/p>\n\n\n\n<p>1998 fasst der Kreistag des Rhein-Sieg-Kreises den Beschluss, eine Zweigstelle in Siegburg in der ehemaligen Landwirtschaftsschule des Rhein-Sieg-Kreises einzurichten. Mit 16 Sch\u00fcler*innen wird 1999 dort der Schulbetrieb aufgenommen.\u00a0Seit 2021 werden am dritten Standort der Schule in Windeck Herchen ca. 30 Sch\u00fcler*innen in den Klassenstufen 1-4 unterrichtet. <\/p>\n\n\n\n<p>Der Einzugsbereich unserer Schule umfasst die Kommunen Bad Honnef, Eitorf, Hennef, K\u00f6nigswinter, Much, Neunkirchen-Seelscheid, Ruppichteroth und Windeck sowie Stadtteile von Siegburg und Sankt&nbsp;Augustin.<\/p>\n\n\n\n<p>Heute besuchen rund 150 Sch\u00fclerinnen und Sch\u00fcler die Richard-Schirrmann-Schule. 30 Lehrerinnen und Lehrer und eine Sozialarbeiterin unterrichten und f\u00f6rdern die Kinder in ihrer emotionalen und sozialen Entwicklung.<\/p>\n\n\n\n<p><\/p>\n","protected":false},"excerpt":{"rendered":"<p>Wie alles anfing Gr\u00fcnder der Jugendherbergsbewegung war der deutsche Lehrer Richard Schirrmann. Als Anh\u00e4nger des Anschauungsunterrichts nahm er seine Schulklassen &hellip; <\/p>\n","protected":false},"author":4,"featured_media":0,"parent":0,"menu_order":0,"comment_status":"closed","ping_status":"closed","template":"","meta":{"footnotes":""},"class_list":["post-20","page","type-page","status-publish","hentry","latest_post"],"_links":{"self":[{"href":"https:\/\/www.rss-hennef.de\/index.php?rest_route=\/wp\/v2\/pages\/20","targetHints":{"allow":["GET"]}}],"collection":[{"href":"https:\/\/www.rss-hennef.de\/index.php?rest_route=\/wp\/v2\/pages"}],"about":[{"href":"https:\/\/www.rss-hennef.de\/index.php?rest_route=\/wp\/v2\/types\/page"}],"author":[{"embeddable":true,"href":"https:\/\/www.rss-hennef.de\/index.php?rest_route=\/wp\/v2\/users\/4"}],"replies":[{"embeddable":true,"href":"https:\/\/www.rss-hennef.de\/index.php?rest_route=%2Fwp%2Fv2%2Fcomments&post=20"}],"version-history":[{"count":6,"href":"https:\/\/www.rss-hennef.de\/index.php?rest_route=\/wp\/v2\/pages\/20\/revisions"}],"predecessor-version":[{"id":2085,"href":"https:\/\/www.rss-hennef.de\/index.php?rest_route=\/wp\/v2\/pages\/20\/revisions\/2085"}],"wp:attachment":[{"href":"https:\/\/www.rss-hennef.de\/index.php?rest_route=%2Fwp%2Fv2%2Fmedia&parent=20"}],"curies":[{"name":"wp","href":"https:\/\/api.w.org\/{rel}","templated":true}]}}