{"id":23,"date":"2020-04-29T08:00:38","date_gmt":"2020-04-29T06:00:38","guid":{"rendered":"http:\/\/wp.rss-hennef.de\/?page_id=23"},"modified":"2020-05-06T08:08:42","modified_gmt":"2020-05-06T06:08:42","slug":"grundsaetze-unserer-arbeit","status":"publish","type":"page","link":"https:\/\/www.rss-hennef.de\/?page_id=23","title":{"rendered":"Grunds\u00e4tze unserer Arbeit"},"content":{"rendered":"\n<p>Die Richard-Schirrmann-Schule befindet sich in der Tr\u00e4gerschaft des Rhein-Sieg-Kreises. Sie hat die Aufgabe, Sch\u00fclerinnen und Sch\u00fcler zu unterrichten, die infolge emotionaler, psychischer und\/oder sozialer Probleme sonderp\u00e4dagogischen F\u00f6rder- und Unterst\u00fctzungsbedarf in der Emotionalen und sozialen Entwicklung haben.<\/p>\n\n\n\n<p>Vorrangiges Ziel ist es, den hier gef\u00f6rderten Jungen und M\u00e4dchen m\u00f6glichst z\u00fcgig den \u00dcbergang in eine Regelschule zu erm\u00f6glichen.<\/p>\n\n\n\n<p>Um das Lern- und Sozialverhalten der Sch\u00fclerinnen und Sch\u00fcler zu verbessern, haben an der Richard-Schirrmann-Schule vor allem erlebnisp\u00e4dagogische Aktionen einen hohen Stellenwert. Gerade im Spiel erfahren die Kinder Freude, Kreativit\u00e4t und Motivation \u2013 sozusagen als \u201eT\u00fcr\u00f6ffner\u201c f\u00fcr die Entwicklung von sozialen Kompetenzen.<\/p>\n","protected":false},"excerpt":{"rendered":"<p>Die Richard-Schirrmann-Schule befindet sich in der Tr\u00e4gerschaft des Rhein-Sieg-Kreises. Sie hat die Aufgabe, Sch\u00fclerinnen und Sch\u00fcler zu unterrichten, die infolge &hellip; <\/p>\n","protected":false},"author":4,"featured_media":0,"parent":0,"menu_order":0,"comment_status":"closed","ping_status":"closed","template":"","meta":{"footnotes":""},"class_list":["post-23","page","type-page","status-publish","hentry","latest_post"],"_links":{"self":[{"href":"https:\/\/www.rss-hennef.de\/index.php?rest_route=\/wp\/v2\/pages\/23","targetHints":{"allow":["GET"]}}],"collection":[{"href":"https:\/\/www.rss-hennef.de\/index.php?rest_route=\/wp\/v2\/pages"}],"about":[{"href":"https:\/\/www.rss-hennef.de\/index.php?rest_route=\/wp\/v2\/types\/page"}],"author":[{"embeddable":true,"href":"https:\/\/www.rss-hennef.de\/index.php?rest_route=\/wp\/v2\/users\/4"}],"replies":[{"embeddable":true,"href":"https:\/\/www.rss-hennef.de\/index.php?rest_route=%2Fwp%2Fv2%2Fcomments&post=23"}],"version-history":[{"count":3,"href":"https:\/\/www.rss-hennef.de\/index.php?rest_route=\/wp\/v2\/pages\/23\/revisions"}],"predecessor-version":[{"id":452,"href":"https:\/\/www.rss-hennef.de\/index.php?rest_route=\/wp\/v2\/pages\/23\/revisions\/452"}],"wp:attachment":[{"href":"https:\/\/www.rss-hennef.de\/index.php?rest_route=%2Fwp%2Fv2%2Fmedia&parent=23"}],"curies":[{"name":"wp","href":"https:\/\/api.w.org\/{rel}","templated":true}]}}