{"id":25,"date":"2020-04-29T08:00:23","date_gmt":"2020-04-29T06:00:23","guid":{"rendered":"http:\/\/wp.rss-hennef.de\/?page_id=25"},"modified":"2026-02-06T10:11:54","modified_gmt":"2026-02-06T09:11:54","slug":"das-unterscheidet-uns-von-der-grundschule","status":"publish","type":"page","link":"https:\/\/www.rss-hennef.de\/?page_id=25","title":{"rendered":"Das unterscheidet uns von der Grundschule"},"content":{"rendered":"\n<p>Der <a href=\"https:\/\/www.rss-hennef.de\/?page_id=2065\" data-type=\"page\" data-id=\"2065\">Unterricht<\/a> in allen F\u00e4chern wird an der Richard-Schirrmann-Schule nach den gleichen Richtlinien wie an der Grundschule erteilt. Sch\u00fcler*innen mit dem zus\u00e4tzlichen F\u00f6rderschwerpunkt Lernen werden im zieldifferenten Bildungsgang Lernen unterrichtet.<\/p>\n\n\n\n<p>Am Ende des ersten Halbjahres der Klasse 4 erhalten alle Sch\u00fcler*innen im zielgleichen Bildungsgang eine Schulformempfehlung, analog zur Grundschule. <\/p>\n\n\n\n<p>Dennoch gibt es deutliche und offensichtliche Unterschiede zwischen der Richard-Schirrmann-Schule und der Grundschule:<\/p>\n\n\n\n<ul class=\"wp-block-list\">\n<li>durchg\u00e4ngige sonderp\u00e4dagogische Expertise in allen Stunden und F\u00e4chern<\/li>\n\n\n\n<li>Spezialisierung auf die F\u00f6rderung der emotionalen und sozialen Entwicklung der Sch\u00fclerinnen und Sch\u00fcler<\/li>\n\n\n\n<li>Lehrerinnen und Lehrer, die Kinder mit F\u00f6rderbedarf im emotionalen Erleben und sozialen Handeln bedingungslos annehmen und als p\u00e4dagogische Herausforderung begreifen<\/li>\n\n\n\n<li>Unterricht in kleinen Lerngruppen (8-11 Sch\u00fcler)<\/li>\n\n\n\n<li>Doppelbesetzung in den Lerngruppen; das hei\u00dft in 6-12 Stunden pro Woche unterrichten zwei Lehrer*innen gleichzeitig eine Lerngruppe<\/li>\n\n\n\n<li>Unterricht mit innerer und \u00e4u\u00dferer Differenzierung<\/li>\n\n\n\n<li>Individualisierung des Unterrichts bezogen auf die Bed\u00fcrfnisse des einzelnen Kindes<\/li>\n\n\n\n<li>Klassenlehrerprinzip (die meisten Unterrichtsstunden hat ein Kind bei seiner Klassenlehrerin bzw. seinem Klassenlehrer)<\/li>\n\n\n\n<li>Vielf\u00e4ltige Pausenangebote (Spieleausleihe, Soccer-Court mit Betreuung, betreute Drinnen-Pause, 3-4 Aufsicht f\u00fchrende Personen in der gro\u00dfen Spielpause)<\/li>\n\n\n\n<li>AG-Angebote zur sozial-emotionalen F\u00f6rderung in klassen\u00fcbergreifenden Gruppen<\/li>\n\n\n\n<li>Therapieangebote w\u00e4hrend der Zeit der Beschulung (Sprachtherapie und Ergotherapie)<\/li>\n\n\n\n<li>Kontinuierliche Kooperation mit au\u00dferschulischen Partnern (Jugendamt, Jugendhilfe, Tagesgruppen, Schulpsychologischer Dienst, Psychiatern, Psychologen und Therapeuten)<\/li>\n\n\n\n<li>Intensive Elternarbeit<\/li>\n\n\n\n<li>Sch\u00fclerspezialverkehr f\u00fcr alle Sch\u00fcler*innen<\/li>\n\n\n\n<li><a href=\"https:\/\/www.rss-hennef.de\/?page_id=35\">FOGS-Gruppen<\/a> mit intensiver Betreuung und F\u00f6rderung in Kleingruppen (8 Kindern) durch je eine*n P\u00e4dagog*in und einer Erg\u00e4nzungskraft im Nachmittagsbereich<\/li>\n<\/ul>\n","protected":false},"excerpt":{"rendered":"<p>Der Unterricht in allen F\u00e4chern wird an der Richard-Schirrmann-Schule nach den gleichen Richtlinien wie an der Grundschule erteilt. Sch\u00fcler*innen mit &hellip; <\/p>\n","protected":false},"author":4,"featured_media":0,"parent":0,"menu_order":0,"comment_status":"closed","ping_status":"closed","template":"","meta":{"footnotes":""},"class_list":["post-25","page","type-page","status-publish","hentry","latest_post"],"_links":{"self":[{"href":"https:\/\/www.rss-hennef.de\/index.php?rest_route=\/wp\/v2\/pages\/25","targetHints":{"allow":["GET"]}}],"collection":[{"href":"https:\/\/www.rss-hennef.de\/index.php?rest_route=\/wp\/v2\/pages"}],"about":[{"href":"https:\/\/www.rss-hennef.de\/index.php?rest_route=\/wp\/v2\/types\/page"}],"author":[{"embeddable":true,"href":"https:\/\/www.rss-hennef.de\/index.php?rest_route=\/wp\/v2\/users\/4"}],"replies":[{"embeddable":true,"href":"https:\/\/www.rss-hennef.de\/index.php?rest_route=%2Fwp%2Fv2%2Fcomments&post=25"}],"version-history":[{"count":8,"href":"https:\/\/www.rss-hennef.de\/index.php?rest_route=\/wp\/v2\/pages\/25\/revisions"}],"predecessor-version":[{"id":2067,"href":"https:\/\/www.rss-hennef.de\/index.php?rest_route=\/wp\/v2\/pages\/25\/revisions\/2067"}],"wp:attachment":[{"href":"https:\/\/www.rss-hennef.de\/index.php?rest_route=%2Fwp%2Fv2%2Fmedia&parent=25"}],"curies":[{"name":"wp","href":"https:\/\/api.w.org\/{rel}","templated":true}]}}