{"id":33,"date":"2020-04-29T08:00:02","date_gmt":"2020-04-29T06:00:02","guid":{"rendered":"http:\/\/wp.rss-hennef.de\/?page_id=33"},"modified":"2020-05-05T20:16:53","modified_gmt":"2020-05-05T18:16:53","slug":"reitprojekt","status":"publish","type":"page","link":"https:\/\/www.rss-hennef.de\/?page_id=33","title":{"rendered":"Reitprojekt"},"content":{"rendered":"\n<h2 class=\"wp-block-heading\">Auf die Pferde, fertig, los!<\/h2>\n\n\n\n<p>Im Februar 2015 startete unser heilp\u00e4dagogisches Reitprojekt in Kooperation mit dem <a rel=\"noreferrer noopener\" href=\"http:\/\/www.wiesenhof-hennef.de\/\" target=\"_blank\">Wiesenhof<\/a> (externer Link) in Hennef-R\u00fctsch.<\/p>\n\n\n\n<p>Aktuell k\u00f6nnen zwei Klassen abwechselnd jede Woche Mittwoch auf dem Wiesenhof alles \u00fcber den Umgang mit Pferden lernen und nat\u00fcrlich auch ihre ersten Erfahrungen mit dem Reiten sammeln.<\/p>\n\n\n\n<p>Sobald die Klasse den Hof betritt, ist Teamarbeit gefragt. Die Sch\u00fclerinnen und Sch\u00fcler holen zu zweit ihr Pferd von der Wiese. Das Putzen, Satteln und Versorgen des Pferdes funktioniert nur reibungslos, wenn die Kinder sich im Team gut absprechen und zusammenarbeiten. Auch beim Reiten wechseln sich die Sch\u00fclerinnen und Sch\u00fcler ab. F\u00fcr viele von ihnen ist es ein gutes soziales Trainingsfeld.<\/p>\n\n\n\n<p>Beim Reiten werden verschiedene Spiele auf dem Reitplatz bew\u00e4ltigt oder es wird ein Ausritt im Gel\u00e4nde durchgef\u00fchrt. Der Spa\u00df steht bei allen Aufgaben im Vordergrund und viele Kinder lernen in dieser anderen Umgebung sich Herausforderungen zu stellen und sich auf neue Aufgaben einzulassen.<\/p>\n\n\n\n<p>Die Startfinanzierung wurde von der <a href=\"https:\/\/www.kiju-hennef.de\/\" target=\"_blank\" rel=\"noreferrer noopener\">Kinder- und Jugendstiftung Hennef<\/a> und der <a href=\"https:\/\/www.ksk-koeln.de\/de\/home\/ihre-sparkasse\/stiftungen\/stiftung-kreissparkasse-fuer-uns-paenz-.html\" target=\"_blank\" rel=\"noreferrer noopener\">Stiftung der Kreissparkasse \u201eF\u00fcr uns P\u00e4nz\u201c<\/a>  (externe Links) erm\u00f6glicht.<\/p>\n\n\n\n<p><\/p>\n","protected":false},"excerpt":{"rendered":"<p>Auf die Pferde, fertig, los! Im Februar 2015 startete unser heilp\u00e4dagogisches Reitprojekt in Kooperation mit dem Wiesenhof (externer Link) in &hellip; <\/p>\n","protected":false},"author":4,"featured_media":0,"parent":0,"menu_order":0,"comment_status":"closed","ping_status":"closed","template":"","meta":{"footnotes":""},"class_list":["post-33","page","type-page","status-publish","hentry","latest_post"],"_links":{"self":[{"href":"https:\/\/www.rss-hennef.de\/index.php?rest_route=\/wp\/v2\/pages\/33","targetHints":{"allow":["GET"]}}],"collection":[{"href":"https:\/\/www.rss-hennef.de\/index.php?rest_route=\/wp\/v2\/pages"}],"about":[{"href":"https:\/\/www.rss-hennef.de\/index.php?rest_route=\/wp\/v2\/types\/page"}],"author":[{"embeddable":true,"href":"https:\/\/www.rss-hennef.de\/index.php?rest_route=\/wp\/v2\/users\/4"}],"replies":[{"embeddable":true,"href":"https:\/\/www.rss-hennef.de\/index.php?rest_route=%2Fwp%2Fv2%2Fcomments&post=33"}],"version-history":[{"count":3,"href":"https:\/\/www.rss-hennef.de\/index.php?rest_route=\/wp\/v2\/pages\/33\/revisions"}],"predecessor-version":[{"id":438,"href":"https:\/\/www.rss-hennef.de\/index.php?rest_route=\/wp\/v2\/pages\/33\/revisions\/438"}],"wp:attachment":[{"href":"https:\/\/www.rss-hennef.de\/index.php?rest_route=%2Fwp%2Fv2%2Fmedia&parent=33"}],"curies":[{"name":"wp","href":"https:\/\/api.w.org\/{rel}","templated":true}]}}