{"id":35,"date":"2020-04-29T08:00:40","date_gmt":"2020-04-29T06:00:40","guid":{"rendered":"http:\/\/wp.rss-hennef.de\/?page_id=35"},"modified":"2024-01-08T13:55:07","modified_gmt":"2024-01-08T12:55:07","slug":"nachmittagsbetreuung","status":"publish","type":"page","link":"https:\/\/www.rss-hennef.de\/?page_id=35","title":{"rendered":"Nachmittagsbetreuung"},"content":{"rendered":"\n<h2 class=\"wp-block-heading\"><strong>F\u00f6rdernde offene Ganztagsschule (FOGS)<\/strong><\/h2>\n\n\n\n<p>In Kooperation mit <a rel=\"noreferrer noopener\" href=\"https:\/\/www.cjg-sta.de\/chg-jha-betreuungsleistungen0\/besondere-betreuungsleistungen\/fogs\/\" target=\"_blank\">CJG St. Ansgar<\/a> (externer Link) sind an der Richard-Schirrmann-Schule F-OGS Gruppen an allen Standorten sowie 2 \u00dcbermittagsgruppen in Hennef-Br\u00f6l im Rahmen der Nachmittagsf\u00f6rderung von Sch\u00fcler*innen eingerichtet. Ein*e P\u00e4dagog*in je Gruppe f\u00f6rdert mit Unterst\u00fctzung einer Absolventin\/eines Absolventen des Freiwilligen Sozialen Jahres (FSJ) oder des Bundesfreiwilligendienstes jeweils acht Kinder im Rahmen von FOGS.<\/p>\n\n\n\n<h3 class=\"wp-block-heading\"><strong>Unsere Betreuungszeiten<\/strong><\/h3>\n\n\n\n<p>Das Angebot beginnt im Anschluss an den Unterricht und endet<\/p>\n\n\n\n<ul class=\"wp-block-list\"><li><strong>Montag bis Donnerstag um 16:30 Uhr<\/strong><\/li><li><strong>Freitag um 15:00 Uhr<\/strong><\/li><\/ul>\n\n\n\n<p>W\u00e4hrend der unterrichtsfreien Zeit bleibt die Einrichtung geschlossen.<\/p>\n\n\n\n<h3 class=\"wp-block-heading\"><strong>FOGS ist ein Angebot f\u00fcr Kinder &nbsp;<\/strong><\/h3>\n\n\n\n<ul class=\"wp-block-list\"><li>die einer Nachmittagsbetreuung bed\u00fcrfen<\/li><li>die eine ganzt\u00e4gige F\u00f6rderung ben\u00f6tigen<\/li><li>die in der Gruppe zurecht kommen k\u00f6nnen<\/li><li>die Unterst\u00fctzung bei der R\u00fcckschulung brauchen<\/li><\/ul>\n\n\n\n<h3 class=\"wp-block-heading\"><strong>Unsere Ziele<\/strong><\/h3>\n\n\n\n<ul class=\"wp-block-list\"><li>schulische F\u00e4higkeiten und Fertigkeiten erweitern und f\u00f6rdern<\/li><li>Konfliktl\u00f6sungen lernen und Kommunikation f\u00f6rdern<\/li><li>lebenspraktische F\u00e4higkeiten erlernen<\/li><li>F\u00f6rderung von Interessen, Fertigkeiten und F\u00e4higkeiten<\/li><li>Umgang mit Gef\u00fchlen lernen<\/li><li>St\u00e4rkung von Selbstbewusstsein und Selbstvertrauen<\/li><li>enge Zusammenarbeit mit Klassenlehrer\/in, FOGS und den Eltern<\/li><\/ul>\n\n\n\n<h3 class=\"wp-block-heading\"><strong>Wie ist unsere Nachmittagsbetreuung gestaltet?<\/strong><\/h3>\n\n\n\n<ul class=\"wp-block-list\"><li><strong>Mittagessen<br><\/strong>mit selbst zubereitetem Essen<\/li><li><strong>Lernzeit<\/strong><br>Hausaufgabenbetreuung mit individueller F\u00f6rderung<\/li><li><strong>Freizeitgestaltung<\/strong><br>Naturnahes Erleben<br>Feste und Feiern<br>Malen &amp; Basteln<br>Entspannung<br>Schwimmen<br>Zuwendung<br>Freies Spiel<br>Gespr\u00e4che<br>Rhythmik<br>Ausfl\u00fcge<br>Projekte<br>Klettern<br>Musik<\/li><\/ul>\n\n\n\n<h3 class=\"wp-block-heading\"><strong>Aufnahme<\/strong><\/h3>\n\n\n\n<p>Grunds\u00e4tzlich steht die Ma\u00dfnahme jeder Sch\u00fclerin und jedem Sch\u00fcler offen. Die Entscheidung \u00fcber die Aufnahme in FOGS ist stets am Einzelfall orientiert und ist ein gemeinsamer, dialogischer Prozess unter Beteiligung der Eltern und Schule (Lehrkr\u00e4fte, Schulleitung und Schulsozialarbeiterin) sowie der p\u00e4dagogischen Mitarbeiter*innen.<\/p>\n\n\n\n<p>F\u00fcr eine Anmeldung wenden Sie sich bitte an Ihre*n Klassenlehrer*in oder an die Schulleitung.<\/p>\n\n\n\n<p>F\u00fcr die Eltern entsteht ein monatlicher Beitrag f\u00fcr das t\u00e4gliche Mittagessen in H\u00f6he von zurzeit 25 Euro. Bei diesem Betrag kann in Sonderf\u00e4llen eine Erm\u00e4\u00dfigung beantragt werden. Abh\u00e4ngig vom Familieneinkommen wird dar\u00fcber hinaus ein gestaffeltes Entgelt erhoben.<\/p>\n\n\n\n<h3 class=\"wp-block-heading\"><strong>Weitere Informationen:<\/strong><\/h3>\n\n\n\n<ul class=\"wp-block-list\"><li><a href=\"https:\/\/www.cjg-sta.de\/chg-jha-betreuungsleistungen0\/besondere-betreuungsleistungen\/fogs\/\" target=\"_blank\" rel=\"noreferrer noopener\">CJG St. Ansgar<\/a> (externer Link)<\/li><\/ul>\n","protected":false},"excerpt":{"rendered":"<p>F\u00f6rdernde offene Ganztagsschule (FOGS) In Kooperation mit CJG St. Ansgar (externer Link) sind an der Richard-Schirrmann-Schule F-OGS Gruppen an allen &hellip; <\/p>\n","protected":false},"author":4,"featured_media":0,"parent":0,"menu_order":0,"comment_status":"closed","ping_status":"closed","template":"","meta":{"footnotes":""},"class_list":["post-35","page","type-page","status-publish","hentry","latest_post"],"_links":{"self":[{"href":"https:\/\/www.rss-hennef.de\/index.php?rest_route=\/wp\/v2\/pages\/35","targetHints":{"allow":["GET"]}}],"collection":[{"href":"https:\/\/www.rss-hennef.de\/index.php?rest_route=\/wp\/v2\/pages"}],"about":[{"href":"https:\/\/www.rss-hennef.de\/index.php?rest_route=\/wp\/v2\/types\/page"}],"author":[{"embeddable":true,"href":"https:\/\/www.rss-hennef.de\/index.php?rest_route=\/wp\/v2\/users\/4"}],"replies":[{"embeddable":true,"href":"https:\/\/www.rss-hennef.de\/index.php?rest_route=%2Fwp%2Fv2%2Fcomments&post=35"}],"version-history":[{"count":4,"href":"https:\/\/www.rss-hennef.de\/index.php?rest_route=\/wp\/v2\/pages\/35\/revisions"}],"predecessor-version":[{"id":1504,"href":"https:\/\/www.rss-hennef.de\/index.php?rest_route=\/wp\/v2\/pages\/35\/revisions\/1504"}],"wp:attachment":[{"href":"https:\/\/www.rss-hennef.de\/index.php?rest_route=%2Fwp%2Fv2%2Fmedia&parent=35"}],"curies":[{"name":"wp","href":"https:\/\/api.w.org\/{rel}","templated":true}]}}