{"id":37,"date":"2020-04-29T08:00:08","date_gmt":"2020-04-29T06:00:08","guid":{"rendered":"http:\/\/wp.rss-hennef.de\/?page_id=37"},"modified":"2026-02-06T10:20:21","modified_gmt":"2026-02-06T09:20:21","slug":"foerderverein","status":"publish","type":"page","link":"https:\/\/www.rss-hennef.de\/?page_id=37","title":{"rendered":"F\u00f6rderverein"},"content":{"rendered":"\n<p>Ziel ist die p\u00e4dagogische Arbeit der Schule in jeglicher Hinsicht zu f\u00f6rdern und zu unterst\u00fctzen. Neben der direkten Unterst\u00fctzung der Schule f\u00fchrt der F\u00f6rderverein \u00f6ffentlichkeitswirksame Veranstaltungen durch, um auf die wichtige p\u00e4dagogische Arbeit der Schule hinzuweisen.<\/p>\n\n\n\n<p>Mitglied im F\u00f6rderverein sind Eltern, Lehrkr\u00e4fte, Freunde und F\u00f6rderer der Richard-Schirrmann-Schule, aber auch Eltern ehemaliger Sch\u00fclerinnen und Sch\u00fcler.<\/p>\n\n\n\n<blockquote class=\"wp-block-quote is-layout-flow wp-block-quote-is-layout-flow\">\n<p>&#8222;Die Seele eines Kindes, hat sie schon einmal einen Triumph erlebt, kann in einer Niederlage auf bisher unangetastete Reserven zur\u00fcckgreifen.&#8220;<\/p>\n<cite>Kurt Hahn, P\u00e4dagoge und einer der Begr\u00fcnder der Erlebnisp\u00e4dagogik<\/cite><\/blockquote>\n\n\n\n<p>Auf der Mitgliederversammlung im November 2026 wurde der\u00a0Vorstand des F\u00f6rdervereins der Richard-Schirrmann-Schule\u00a0wie folgt gew\u00e4hlt:<\/p>\n\n\n\n<ul class=\"wp-block-list\">\n<li>Vorsitzender: Florian Zillger. Als Unternehmer und Vater von zwei ehemaligen Sch\u00fclern der RSS ist er der Schule weiterhin eng verbunden und freut sich darauf, seine Erfahrung in die Arbeit des F\u00f6rdervereins einzubringen.<\/li>\n\n\n\n<li>Stellvertretende Vorsitzende: Michele Bongartz<\/li>\n\n\n\n<li>Kassiererin: Ulli Gr\u00fcnewald<\/li>\n\n\n\n<li>Schriftf\u00fchrerin: Franziska Zillger<\/li>\n\n\n\n<li>Beisitzende: Sabrina Schreiber, Michael Marx, Sebastian Wolf, Agnes W\u00fcbbe und Marie-Christin Pitschmann-Staufer<br><\/li>\n<\/ul>\n\n\n\n<p>Dank an J\u00fcrgen Heinzer<br>Ein ganz besonderer Dank gilt unserem langj\u00e4hrigen Vorsitzenden und Mitbegr\u00fcnder des F\u00f6rdervereins J\u00fcrgen Heinzer. Er hat die Arbeit des F\u00f6rdervereins \u00fcber viele Jahre hinweg mit unerm\u00fcdlichem Einsatz gepr\u00e4gt. Um sein au\u00dferordentliches Engagement geb\u00fchrend zu w\u00fcrdigen, strebt der Vorstand an, ihn auf der kommenden Mitgliederversammlung zum Ehrenvorsitzenden zu ernennen. Wir danken J\u00fcrgen von Herzen f\u00fcr alles, was er f\u00fcr unsere Sch\u00fclerinnen und Sch\u00fcler erreicht hat!<\/p>\n\n\n\n<p><a href=\"https:\/\/www.rss-hennef.de\/wp-content\/uploads\/2024\/01\/Flyer-Fo\u0308rderverein-2020.pdf\" target=\"_blank\" rel=\"noreferrer noopener\">Flyer des F\u00f6rdervereins<\/a>&nbsp;(PDF-Format)<\/p>\n\n\n\n<p>Ihr Anliegen an den F\u00f6rderverein senden Sie bitter per E-Mail an <a href=\"mailto:foerderverein@rss-hennef.de\">foerderverein@rss-hennef.de<\/a>.<\/p>\n\n\n\n<p><\/p>\n","protected":false},"excerpt":{"rendered":"<p>Ziel ist die p\u00e4dagogische Arbeit der Schule in jeglicher Hinsicht zu f\u00f6rdern und zu unterst\u00fctzen. Neben der direkten Unterst\u00fctzung der &hellip; <\/p>\n","protected":false},"author":4,"featured_media":0,"parent":0,"menu_order":0,"comment_status":"closed","ping_status":"closed","template":"","meta":{"footnotes":""},"class_list":["post-37","page","type-page","status-publish","hentry","latest_post"],"_links":{"self":[{"href":"https:\/\/www.rss-hennef.de\/index.php?rest_route=\/wp\/v2\/pages\/37","targetHints":{"allow":["GET"]}}],"collection":[{"href":"https:\/\/www.rss-hennef.de\/index.php?rest_route=\/wp\/v2\/pages"}],"about":[{"href":"https:\/\/www.rss-hennef.de\/index.php?rest_route=\/wp\/v2\/types\/page"}],"author":[{"embeddable":true,"href":"https:\/\/www.rss-hennef.de\/index.php?rest_route=\/wp\/v2\/users\/4"}],"replies":[{"embeddable":true,"href":"https:\/\/www.rss-hennef.de\/index.php?rest_route=%2Fwp%2Fv2%2Fcomments&post=37"}],"version-history":[{"count":9,"href":"https:\/\/www.rss-hennef.de\/index.php?rest_route=\/wp\/v2\/pages\/37\/revisions"}],"predecessor-version":[{"id":2069,"href":"https:\/\/www.rss-hennef.de\/index.php?rest_route=\/wp\/v2\/pages\/37\/revisions\/2069"}],"wp:attachment":[{"href":"https:\/\/www.rss-hennef.de\/index.php?rest_route=%2Fwp%2Fv2%2Fmedia&parent=37"}],"curies":[{"name":"wp","href":"https:\/\/api.w.org\/{rel}","templated":true}]}}