{"id":42,"date":"2020-04-29T08:00:58","date_gmt":"2020-04-29T06:00:58","guid":{"rendered":"http:\/\/wp.rss-hennef.de\/?page_id=42"},"modified":"2024-01-08T19:50:31","modified_gmt":"2024-01-08T18:50:31","slug":"standorte","status":"publish","type":"page","link":"https:\/\/www.rss-hennef.de\/?page_id=42","title":{"rendered":"Standorte"},"content":{"rendered":"\n<h2 class=\"wp-block-heading\">Richard-Schirrmann-Schule<\/h2>\n\n\n\n<div class=\"wp-block-columns is-layout-flex wp-container-core-columns-is-layout-9d6595d7 wp-block-columns-is-layout-flex\">\n<div class=\"wp-block-column is-layout-flow wp-block-column-is-layout-flow\">\n<h3 class=\"wp-block-heading\">Stammschule Hennef-Br\u00f6l<\/h3>\n\n\n\n<p>Im Br\u00f6ltal 7<br>53773 Hennef<\/p>\n\n\n\n<p>Telefon:&nbsp;<a href=\"tel:02242874140\">(02242) 87414-0<\/a><br>Telefax: (02242) 87414-22<\/p>\n\n\n\n<h5 class=\"wp-block-heading\"><em>Anfahrt mit \u00f6ffentlichen Verkehrsmitteln<\/em><\/h5>\n\n\n\n<p>Haltestelle:&nbsp;Br\u00f6l Schule<br>RSVG: Buslinien 530, 531<\/p>\n<\/div>\n\n\n\n<div class=\"wp-block-column is-layout-flow wp-block-column-is-layout-flow\">\n<iframe loading=\"lazy\" tabindex=\"0\" aria-hidden=\"false\" src=\"https:\/\/www.google.com\/maps\/embed?pb=!1m18!1m12!1m3!1d2522.3626420050227!2d7.313181315462135!3d50.787387570910795!2m3!1f0!2f0!3f0!3m2!1i1024!2i768!4f13.1!3m3!1m2!1s0x47bec2834167a325%3A0x5c22803cd566d3db!2sIm%20Br%C3%B6ltal%207%2C%2053773%20Hennef%20(Sieg)!5e0!3m2!1sde!2sde!4v1588702827634!5m2!1sde!2sde\" allowfullscreen=\"\" style=\"border:0;\" width=\"400\" height=\"300\" frameborder=\"0\"><\/iframe>\n<\/div>\n<\/div>\n\n\n\n<p><\/p>\n\n\n\n<hr class=\"wp-block-separator\"\/>\n\n\n\n<div class=\"wp-block-columns is-layout-flex wp-container-core-columns-is-layout-9d6595d7 wp-block-columns-is-layout-flex\">\n<div class=\"wp-block-column is-layout-flow wp-block-column-is-layout-flow\">\n<h3 class=\"wp-block-heading\">Standort Siegburg<\/h3>\n\n\n\n<p>Hohenzollernstr. 119 a<br>53721 Siegburg-Zange<\/p>\n\n\n\n<p>Telefon: <a href=\"tel:022419691345\">(02241) 9691345<\/a><br>Telefax: (02241) 9691346<\/p>\n\n\n\n<h5 class=\"wp-block-heading\"><em>Anfahrt mit \u00f6ffentlichen Verkehrsmitteln<\/em><\/h5>\n\n\n\n<p>Haltestelle:&nbsp;Siegburg Bahnhof<br>Deutsche Bahn: RE 9, S 12, S 19<br>SWB: Stadtbahn 66, 67<br>RSVG: diverse Buslinien<\/p>\n<\/div>\n\n\n\n<div class=\"wp-block-column is-layout-flow wp-block-column-is-layout-flow\">\n<iframe loading=\"lazy\" tabindex=\"0\" aria-hidden=\"false\" src=\"https:\/\/www.google.com\/maps\/embed?pb=!1m18!1m12!1m3!1d2522.119361331814!2d7.2005113154622835!3d50.79189647058435!2m3!1f0!2f0!3f0!3m2!1i1024!2i768!4f13.1!3m3!1m2!1s0x47bedd8a24239b97%3A0xf6d2ec8196fc7614!2sHohenzollernstra%C3%9Fe%20119%2C%2053721%20Siegburg!5e0!3m2!1sde!2sde!4v1588703245081!5m2!1sde!2sde\" allowfullscreen=\"\" style=\"border:0;\" width=\"400\" height=\"300\" frameborder=\"0\"><\/iframe>\n<\/div>\n<\/div>\n\n\n\n<hr class=\"wp-block-separator\"\/>\n\n\n\n<div class=\"wp-block-columns is-layout-flex wp-container-core-columns-is-layout-9d6595d7 wp-block-columns-is-layout-flex\">\n<div class=\"wp-block-column is-layout-flow wp-block-column-is-layout-flow\">\n<h3 class=\"wp-block-heading\">Standort Windeck \/ Herchen<\/h3>\n\n\n\n<p>Bodelschwinghstra\u00dfe<br>51570 Windeck<\/p>\n\n\n\n<p>Telefon: <a href=\"tel:015126122513\">(01512) 6122513<\/a><br><\/p>\n\n\n\n<h5 class=\"wp-block-heading\"><em>Anfahrt mit \u00f6ffentlichen Verkehrsmitteln<\/em><\/h5>\n\n\n\n<p>Bahnhof:&nbsp;Herchen<br>S 12, RE 9<\/p>\n<\/div>\n\n\n\n<div class=\"wp-block-column is-layout-flow wp-block-column-is-layout-flow\">\n<iframe loading=\"lazy\" tabindex=\"0\" aria-hidden=\"false\" src=\"https:\/\/www.google.com\/maps\/embed?pb=!1m18!1m12!1m3!1d2522.899057131765!2d7.516264615932176!3d50.77744477162979!2m3!1f0!2f0!3f0!3m2!1i1024!2i768!4f13.1!3m3!1m2!1s0x47bebfdba4be5b71%3A0xdaa15f0786d330fc!2sBodelschwinghstra%C3%9Fe%206%2C%2051570%20Windeck!5e0!3m2!1sde!2sde!4v1636890195011!5m2!1sde!2sde\" allowfullscreen=\"\" style=\"border:0;\" width=\"400\" height=\"300\" frameborder=\"0\"><\/iframe>\n<\/div>\n<\/div>\n\n\n\n<div class=\"wp-block-group is-layout-flow wp-block-group-is-layout-flow\"><div class=\"wp-block-group__inner-container\"><\/div><\/div>\n","protected":false},"excerpt":{"rendered":"<p>Richard-Schirrmann-Schule Stammschule Hennef-Br\u00f6l Im Br\u00f6ltal 753773 Hennef Telefon:&nbsp;(02242) 87414-0Telefax: (02242) 87414-22 Anfahrt mit \u00f6ffentlichen Verkehrsmitteln Haltestelle:&nbsp;Br\u00f6l SchuleRSVG: Buslinien 530, 531 &hellip; <\/p>\n","protected":false},"author":4,"featured_media":0,"parent":0,"menu_order":0,"comment_status":"closed","ping_status":"closed","template":"","meta":{"footnotes":""},"class_list":["post-42","page","type-page","status-publish","hentry","latest_post"],"_links":{"self":[{"href":"https:\/\/www.rss-hennef.de\/index.php?rest_route=\/wp\/v2\/pages\/42","targetHints":{"allow":["GET"]}}],"collection":[{"href":"https:\/\/www.rss-hennef.de\/index.php?rest_route=\/wp\/v2\/pages"}],"about":[{"href":"https:\/\/www.rss-hennef.de\/index.php?rest_route=\/wp\/v2\/types\/page"}],"author":[{"embeddable":true,"href":"https:\/\/www.rss-hennef.de\/index.php?rest_route=\/wp\/v2\/users\/4"}],"replies":[{"embeddable":true,"href":"https:\/\/www.rss-hennef.de\/index.php?rest_route=%2Fwp%2Fv2%2Fcomments&post=42"}],"version-history":[{"count":10,"href":"https:\/\/www.rss-hennef.de\/index.php?rest_route=\/wp\/v2\/pages\/42\/revisions"}],"predecessor-version":[{"id":1521,"href":"https:\/\/www.rss-hennef.de\/index.php?rest_route=\/wp\/v2\/pages\/42\/revisions\/1521"}],"wp:attachment":[{"href":"https:\/\/www.rss-hennef.de\/index.php?rest_route=%2Fwp%2Fv2%2Fmedia&parent=42"}],"curies":[{"name":"wp","href":"https:\/\/api.w.org\/{rel}","templated":true}]}}