{"id":52,"date":"2020-04-29T08:00:12","date_gmt":"2020-04-29T06:00:12","guid":{"rendered":"http:\/\/wp.rss-hennef.de\/?page_id=52"},"modified":"2026-02-06T10:21:53","modified_gmt":"2026-02-06T09:21:53","slug":"impressum","status":"publish","type":"page","link":"https:\/\/www.rss-hennef.de\/?page_id=52","title":{"rendered":"Impressum"},"content":{"rendered":"\n<h3 class=\"wp-block-heading\">Angaben gem\u00e4\u00df \u00a7 5 TMG:<\/h3>\n\n\n\n<p>Richard-Schirrmann-Schule<br>F\u00f6rderschwerpunkt Emotionale und soziale Entwicklung<br>F\u00f6rderschule des Rhein-Sieg-Kreises<br>Im Br\u00f6ltal 7<br>53773 Hennef<\/p>\n\n\n\n<h3 class=\"wp-block-heading\">Vertreten durch<\/h3>\n\n\n\n<p>Sebastian Wolf<br>Schulleiter<\/p>\n\n\n\n<h3 class=\"wp-block-heading\">Kontakt<\/h3>\n\n\n\n<p>Telefon: <a href=\"tel:02242874140\">(02242) 87414-0<\/a><br>Telefax: (02242) 87414-22<br>E-Mail:&nbsp;<a href=\"mailto:186879@schule.nrw.de\">186879@schule.nrw.de<\/a><\/p>\n\n\n\n<h3 class=\"wp-block-heading\">Verantwortlich f\u00fcr den Inhalt nach \u00a7 55 Abs. 2 RStV:<\/h3>\n\n\n\n<p>Sebastian Wolf<br>Schulleiter<\/p>\n\n\n\n<h2 class=\"wp-block-heading\">Datenschutz<\/h2>\n\n\n\n<h3 class=\"wp-block-heading\">Datenschutzbeauftragter<\/h3>\n\n\n\n<p>Wolfgang Dax-Romswinkel<br>Schulamt f\u00fcr den Rhein-Sieg-Kreis<br>Kaiser-Wilhelm-Platz 1<br>53721 Siegburg<br>Deutschland<\/p>\n\n\n\n<p>Telefon:&nbsp;<a href=\"tel:02241130\">(02241) 13-0<\/a><br>E-Mail:&nbsp;<a href=\"mailto:datenschutz-schulen@rhein-sieg-kreis.de\">datenschutz-schulen@rhein-sieg-kreis.de<\/a><\/p>\n\n\n\n<h3 class=\"wp-block-heading\">Datenschutzerkl\u00e4rung<\/h3>\n\n\n\n<ul class=\"wp-block-list\"><li><a href=\"https:\/\/www.rss-hennef.de\/?page_id=50\">Datenschutzerkl\u00e4rung gem\u00e4\u00df Art. 13 Datenschutz-Grundverordnung (DSGVO)<\/a><\/li><\/ul>\n","protected":false},"excerpt":{"rendered":"<p>Angaben gem\u00e4\u00df \u00a7 5 TMG: Richard-Schirrmann-SchuleF\u00f6rderschwerpunkt Emotionale und soziale EntwicklungF\u00f6rderschule des Rhein-Sieg-KreisesIm Br\u00f6ltal 753773 Hennef Vertreten durch Sebastian WolfSchulleiter Kontakt &hellip; <\/p>\n","protected":false},"author":4,"featured_media":0,"parent":0,"menu_order":0,"comment_status":"closed","ping_status":"closed","template":"","meta":{"footnotes":""},"class_list":["post-52","page","type-page","status-publish","hentry","latest_post"],"_links":{"self":[{"href":"https:\/\/www.rss-hennef.de\/index.php?rest_route=\/wp\/v2\/pages\/52","targetHints":{"allow":["GET"]}}],"collection":[{"href":"https:\/\/www.rss-hennef.de\/index.php?rest_route=\/wp\/v2\/pages"}],"about":[{"href":"https:\/\/www.rss-hennef.de\/index.php?rest_route=\/wp\/v2\/types\/page"}],"author":[{"embeddable":true,"href":"https:\/\/www.rss-hennef.de\/index.php?rest_route=\/wp\/v2\/users\/4"}],"replies":[{"embeddable":true,"href":"https:\/\/www.rss-hennef.de\/index.php?rest_route=%2Fwp%2Fv2%2Fcomments&post=52"}],"version-history":[{"count":6,"href":"https:\/\/www.rss-hennef.de\/index.php?rest_route=\/wp\/v2\/pages\/52\/revisions"}],"predecessor-version":[{"id":1139,"href":"https:\/\/www.rss-hennef.de\/index.php?rest_route=\/wp\/v2\/pages\/52\/revisions\/1139"}],"wp:attachment":[{"href":"https:\/\/www.rss-hennef.de\/index.php?rest_route=%2Fwp%2Fv2%2Fmedia&parent=52"}],"curies":[{"name":"wp","href":"https:\/\/api.w.org\/{rel}","templated":true}]}}