{"id":707,"date":"2021-01-11T08:00:00","date_gmt":"2021-01-11T07:00:00","guid":{"rendered":"https:\/\/www.rss-hennef.de\/?page_id=707"},"modified":"2026-02-20T08:15:51","modified_gmt":"2026-02-20T07:15:51","slug":"digitales-lernen","status":"publish","type":"page","link":"https:\/\/www.rss-hennef.de\/?page_id=707","title":{"rendered":"Digitales Lernen"},"content":{"rendered":"\n<p>Um ein wertvoller Lern- und Lebensort f\u00fcr alle Kinder zu sein, setzen wir uns im Kollegium im besonderen Ma\u00dfe damit auseinander, wie wir qualit\u00e4tsvoll lehren, lernen und miteinander im Austausch bleiben.<\/p>\n\n\n\n<p>Mit dem Digitalen Lernen m\u00f6chten wir an der Richard-Schirrmann-Schule eine lernf\u00f6rderliche Verkn\u00fcpfung von Pr\u00e4senz- und Digitalunterricht anbieten.<\/p>\n\n\n\n<p>Alle Klassen an usnerer Schule sind mit digitalen Whitboards ausgestattet. Jeder Sch\u00fcler verf\u00fcgt \u00fcber ein iPad, welches im Unterricht eingesetzt wird. <\/p>\n\n\n\n<p>Je nach Entwicklungsstand und Alter der Sch\u00fcler*innen nutzen wir im Unterricht unterschiedliche digitale Medien und Tools. So gibt es neben den Lern-Apps Anton und Antolin auch unterschiedlichste Inhalte und Programm in digitaler Form, z.B. LeOn zur Lesef\u00f6rderung oder diverse Apps f\u00fcr den mathematischen Bereich. <\/p>\n\n\n\n<p>Durch den Einsatz der Plattform edjufy erm\u00f6glichen wir es, die Kommunikation zwischen Schule, Eltern und Lehrer*innen zu vereinfachen und datenschutzkonform zu digitalisieren.<\/p>\n\n\n\n<p><\/p>\n","protected":false},"excerpt":{"rendered":"<p>Um ein wertvoller Lern- und Lebensort f\u00fcr alle Kinder zu sein, setzen wir uns im Kollegium im besonderen Ma\u00dfe damit &hellip; <\/p>\n","protected":false},"author":4,"featured_media":0,"parent":0,"menu_order":0,"comment_status":"closed","ping_status":"closed","template":"","meta":{"footnotes":""},"class_list":["post-707","page","type-page","status-publish","hentry","latest_post"],"_links":{"self":[{"href":"https:\/\/www.rss-hennef.de\/index.php?rest_route=\/wp\/v2\/pages\/707","targetHints":{"allow":["GET"]}}],"collection":[{"href":"https:\/\/www.rss-hennef.de\/index.php?rest_route=\/wp\/v2\/pages"}],"about":[{"href":"https:\/\/www.rss-hennef.de\/index.php?rest_route=\/wp\/v2\/types\/page"}],"author":[{"embeddable":true,"href":"https:\/\/www.rss-hennef.de\/index.php?rest_route=\/wp\/v2\/users\/4"}],"replies":[{"embeddable":true,"href":"https:\/\/www.rss-hennef.de\/index.php?rest_route=%2Fwp%2Fv2%2Fcomments&post=707"}],"version-history":[{"count":9,"href":"https:\/\/www.rss-hennef.de\/index.php?rest_route=\/wp\/v2\/pages\/707\/revisions"}],"predecessor-version":[{"id":2095,"href":"https:\/\/www.rss-hennef.de\/index.php?rest_route=\/wp\/v2\/pages\/707\/revisions\/2095"}],"wp:attachment":[{"href":"https:\/\/www.rss-hennef.de\/index.php?rest_route=%2Fwp%2Fv2%2Fmedia&parent=707"}],"curies":[{"name":"wp","href":"https:\/\/api.w.org\/{rel}","templated":true}]}}